{"id":10,"date":"2022-10-26T10:28:09","date_gmt":"2022-10-26T10:28:09","guid":{"rendered":"https:\/\/vienasaule.lt\/?page_id=10"},"modified":"2022-11-07T20:22:26","modified_gmt":"2022-11-07T20:22:26","slug":"pries-perkant","status":"publish","type":"page","link":"https:\/\/vienasaule.lt\/index.php\/pries-perkant\/","title":{"rendered":"PRIE\u0160 PERKANT"},"content":{"rendered":"\n<div class=\"wp-container-2 wp-block-columns\">\n<div class=\"wp-container-1 wp-block-column\"><\/div>\n<\/div>\n\n\n\n<div class=\"wp-container-5 wp-block-columns\">\n<div class=\"wp-container-4 wp-block-column\" style=\"flex-basis:100%\">\n<div class=\"wp-container-3 wp-block-group alignfull\"><div class=\"wp-block-group__inner-container\">\n<h2 class=\"has-text-align-center\">Kokius nam\u0173 darbus reikia atlikti pirmiausiai?<\/h2>\n<\/div><\/div>\n<\/div>\n<\/div>\n\n\n\n<h2><\/h2>\n\n\n\n<div class=\"wp-block-cover alignfull\" style=\"min-height:600px\"><span aria-hidden=\"true\" class=\"wp-block-cover__background has-nv-light-bg-background-color has-background-dim-100 has-background-dim\"><\/span><div class=\"wp-block-cover__inner-container\">\n<div class=\"wp-container-29 wp-block-group\"><div class=\"wp-block-group__inner-container\">\n<div class=\"wp-container-8 wp-block-columns alignwide has-nv-light-bg-background-color has-background\">\n<div class=\"wp-container-6 wp-block-column\" style=\"flex-basis:50%\"><div class=\"wp-block-image\">\n<figure class=\"aligncenter size-large is-resized\"><img loading=\"lazy\" src=\"https:\/\/vienasaule.lt\/wp-content\/uploads\/2022\/11\/www.vienasaule.lt-ELEKTRINE-2-1024x557.png\" alt=\"\" class=\"wp-image-654\" width=\"517\" height=\"281\" srcset=\"https:\/\/vienasaule.lt\/wp-content\/uploads\/2022\/11\/www.vienasaule.lt-ELEKTRINE-2-1024x557.png 1024w, https:\/\/vienasaule.lt\/wp-content\/uploads\/2022\/11\/www.vienasaule.lt-ELEKTRINE-2-300x163.png 300w, https:\/\/vienasaule.lt\/wp-content\/uploads\/2022\/11\/www.vienasaule.lt-ELEKTRINE-2-768x418.png 768w, https:\/\/vienasaule.lt\/wp-content\/uploads\/2022\/11\/www.vienasaule.lt-ELEKTRINE-2-1536x836.png 1536w, https:\/\/vienasaule.lt\/wp-content\/uploads\/2022\/11\/www.vienasaule.lt-ELEKTRINE-2-2048x1114.png 2048w\" sizes=\"(max-width: 517px) 100vw, 517px\" \/><\/figure><\/div><\/div>\n\n\n\n<div class=\"wp-container-7 wp-block-column is-vertically-aligned-center\" style=\"flex-basis:50%\">\n<h3 class=\"has-text-align-center\"><mark style=\"background-color:rgba(0, 0, 0, 0)\" class=\"has-inline-color has-neve-link-color-color\">I\u0161siai\u0161kinti, ar tikrai yra elektrin\u0117s montavimo galimyb\u0117s<\/mark><\/h3>\n\n\n\n<p class=\"has-text-align-center\"><mark style=\"background-color:rgba(0, 0, 0, 0)\" class=\"has-inline-color has-neve-link-color-color\">Rekomenduojame \u012fsivertinti stog\u0105, ant kurio planuojate montuoti saul\u0117s elektrin\u0119. Pirmin\u012f vertinim\u0105 galite atlikti patys: ap\u017ei\u016br\u0117kite, ar tinkama stogo orientacija, nuolydis, b\u016bkl\u0117.<\/mark><\/p>\n<\/div>\n<\/div>\n\n\n\n<div class=\"wp-container-10 wp-block-columns\">\n<div class=\"wp-container-9 wp-block-column\">\n<hr class=\"wp-block-separator has-alpha-channel-opacity\"\/>\n<\/div>\n<\/div>\n\n\n\n<div class=\"wp-container-16 wp-block-columns alignwide\">\n<div class=\"wp-container-11 wp-block-column\" style=\"flex-basis:50%\"><div class=\"wp-block-image\">\n<figure class=\"aligncenter size-large is-resized\"><img loading=\"lazy\" src=\"https:\/\/vienasaule.lt\/wp-content\/uploads\/2022\/11\/www.vienasaule.lt-KA-PASIRINKTI-3-1024x899.png\" alt=\"\" class=\"wp-image-615\" width=\"359\" height=\"315\" srcset=\"https:\/\/vienasaule.lt\/wp-content\/uploads\/2022\/11\/www.vienasaule.lt-KA-PASIRINKTI-3-1024x899.png 1024w, https:\/\/vienasaule.lt\/wp-content\/uploads\/2022\/11\/www.vienasaule.lt-KA-PASIRINKTI-3-300x263.png 300w, https:\/\/vienasaule.lt\/wp-content\/uploads\/2022\/11\/www.vienasaule.lt-KA-PASIRINKTI-3-768x674.png 768w, https:\/\/vienasaule.lt\/wp-content\/uploads\/2022\/11\/www.vienasaule.lt-KA-PASIRINKTI-3-1536x1348.png 1536w, https:\/\/vienasaule.lt\/wp-content\/uploads\/2022\/11\/www.vienasaule.lt-KA-PASIRINKTI-3.png 1685w\" sizes=\"(max-width: 359px) 100vw, 359px\" \/><\/figure><\/div><\/div>\n\n\n\n<div class=\"wp-container-12 wp-block-column\"><\/div>\n\n\n\n<div class=\"wp-container-15 wp-block-column is-vertically-aligned-center\" style=\"flex-basis:50%\">\n<h3 class=\"has-text-align-center\"><mark style=\"background-color:rgba(0, 0, 0, 0)\" class=\"has-inline-color has-neve-link-color-color\">Pasitikrinti, kokiomis s\u0105lygomis elektrin\u0117 gali b\u016bti prijungta prie skirstomojo tinklo<\/mark><\/h3>\n\n\n\n<div class=\"wp-container-14 wp-block-group\"><div class=\"wp-block-group__inner-container\">\n<div class=\"wp-container-13 is-vertical is-content-justification-center is-nowrap wp-block-buttons alignwide\">\n<div class=\"wp-block-button has-custom-font-size is-style-primary has-small-font-size\"><a class=\"wp-block-button__link has-background\" href=\"https:\/\/ignitis.lt\/lt\/atsiskaitymas-uz-atgauta-energija\" style=\"border-radius:0px;background-color:#50eece\" target=\"_blank\" rel=\"noreferrer noopener\">Atsiskaitymas u\u017e atgaut\u0105 energij\u0105<\/a><\/div>\n\n\n\n<div class=\"wp-block-button has-custom-font-size is-style-primary has-small-font-size\"><a class=\"wp-block-button__link has-background\" href=\"https:\/\/ignitis.lt\/lt\/atsiskaitymas-uz-elektrines-instaliuota-galia\" style=\"background-color:#50eece\" target=\"_blank\" rel=\"noreferrer noopener\">Atsiskaitymas u\u017e elektrin\u0117s instaliuot\u0105 gali\u0105<\/a><\/div>\n\n\n\n<div class=\"wp-block-button has-custom-font-size is-style-primary has-small-font-size\"><a class=\"wp-block-button__link has-background\" href=\"https:\/\/ignitis.lt\/lt\/atsiskaitymas-misriu-budu\" style=\"background-color:#50eece\" target=\"_blank\" rel=\"noreferrer noopener\">Atsiskaitymas mi\u0161riu b\u016bdu<\/a><\/div>\n\n\n\n<div class=\"wp-block-button has-custom-font-size is-style-primary has-small-font-size\"><a class=\"wp-block-button__link has-background\" href=\"https:\/\/ignitis.lt\/lt\/atsiskaitymas-kilovatvalandemis\" style=\"background-color:#50eece\" target=\"_blank\" rel=\"noreferrer noopener\">Atsiskaitymas kilovatvaland\u0117mis<\/a><\/div>\n<\/div>\n<\/div><\/div>\n\n\n\n<p><\/p>\n\n\n\n<p class=\"has-text-align-center\"><mark style=\"background-color:rgba(0, 0, 0, 0)\" class=\"has-inline-color has-neve-link-color-color\">Tai padaryti i\u0161 anksto rekomenduojame tod\u0117l, kad patvirtinus APVA paramos gavim\u0105, \u012f ESO vienu metu kreipiasi itin daug \u017emoni\u0173 ir gali susidaryti \u201esp\u016bstys\u201c. Be to, gali b\u016bti rezervuota visa elektros linijos galia ir ESO nebei\u0161duos leidimo statyti toki\u0105 saul\u0117s elektrin\u0119, kokios norite, arba pasi\u016blys rekonstruoti elektros tinkl\u0105, kad elektrin\u0119 b\u016bt\u0173 galima prijungti.<\/mark><\/p>\n<\/div>\n<\/div>\n\n\n\n<div class=\"wp-container-18 wp-block-columns\">\n<div class=\"wp-container-17 wp-block-column\">\n<hr class=\"wp-block-separator has-alpha-channel-opacity\"\/>\n<\/div>\n<\/div>\n\n\n\n<div class=\"wp-container-21 wp-block-columns alignwide\">\n<div class=\"wp-container-19 wp-block-column\" style=\"flex-basis:50%\"><div class=\"wp-block-image\">\n<figure class=\"aligncenter size-large is-resized\"><img loading=\"lazy\" src=\"https:\/\/vienasaule.lt\/wp-content\/uploads\/2022\/11\/www.vienasaule.lt-STOGO-APZIURA-731x1024.png\" alt=\"\" class=\"wp-image-617\" width=\"367\" height=\"513\" srcset=\"https:\/\/vienasaule.lt\/wp-content\/uploads\/2022\/11\/www.vienasaule.lt-STOGO-APZIURA-731x1024.png 731w, https:\/\/vienasaule.lt\/wp-content\/uploads\/2022\/11\/www.vienasaule.lt-STOGO-APZIURA-214x300.png 214w, https:\/\/vienasaule.lt\/wp-content\/uploads\/2022\/11\/www.vienasaule.lt-STOGO-APZIURA-768x1075.png 768w, https:\/\/vienasaule.lt\/wp-content\/uploads\/2022\/11\/www.vienasaule.lt-STOGO-APZIURA.png 1052w\" sizes=\"(max-width: 367px) 100vw, 367px\" \/><\/figure><\/div><\/div>\n\n\n\n<div class=\"wp-container-20 wp-block-column is-vertically-aligned-top\" style=\"flex-basis:50%\">\n<h3 class=\"has-text-align-center\"><mark style=\"background-color:rgba(0, 0, 0, 0)\" class=\"has-inline-color has-neve-link-color-color\">Kod\u0117l reikalinga gyvai atliekama ap\u017ei\u016bra?<\/mark><\/h3>\n\n\n\n<p class=\"has-text-align-center\"><mark style=\"background-color:rgba(0, 0, 0, 0)\" class=\"has-inline-color has-neve-link-color-color\">Esame tikri \u2013 vien i\u0161 kliento padaryt\u0173 nuotrauk\u0173 tinkamai \u012fvertinti stog\u0105 ir \u0161alia esan\u010di\u0173 objekt\u0173 \u012ftak\u0105 b\u016bsimai saul\u0117s elektrinei nepakanka. <\/mark><\/p>\n\n\n\n<p class=\"has-text-align-center\"><mark style=\"background-color:rgba(0, 0, 0, 0)\" class=\"has-inline-color has-neve-link-color-color\">Ap\u017ei\u016bros metu \u012fvertinama objekto orientacija, stogo ir jo dangos b\u016bkl\u0117, plotas, ant stogo ir \u0161alia esantys objektai, galintys daryti \u012ftak\u0105 elektrin\u0117s ap\u0161vietimui, pavyzd\u017eiui, med\u017eiai, kaminai ar \u0161alia esantys auk\u0161tesni pastatai. <\/mark><\/p>\n\n\n\n<p class=\"has-text-align-center\"><mark style=\"background-color:rgba(0, 0, 0, 0)\" class=\"has-inline-color has-neve-link-color-color\">Tokiu atveju, paprastai saul\u0117s moduliai i\u0161d\u0117stomi efektyviausiose stogo vietose ar numatomi \u012frengti optimizatoriai.<\/mark><\/p>\n<\/div>\n<\/div>\n\n\n\n<div class=\"wp-container-23 wp-block-columns\">\n<div class=\"wp-container-22 wp-block-column\">\n<hr class=\"wp-block-separator has-alpha-channel-opacity\"\/>\n<\/div>\n<\/div>\n\n\n\n<div class=\"wp-container-26 wp-block-columns alignwide\">\n<div class=\"wp-container-24 wp-block-column\" style=\"flex-basis:49%\"><div class=\"wp-block-image\">\n<figure class=\"aligncenter size-large is-resized\"><img loading=\"lazy\" src=\"https:\/\/vienasaule.lt\/wp-content\/uploads\/2022\/11\/www.vienasaule.lt-Montavimo-darbai-1024x741.png\" alt=\"\" class=\"wp-image-576\" width=\"441\" height=\"319\" srcset=\"https:\/\/vienasaule.lt\/wp-content\/uploads\/2022\/11\/www.vienasaule.lt-Montavimo-darbai-1024x741.png 1024w, https:\/\/vienasaule.lt\/wp-content\/uploads\/2022\/11\/www.vienasaule.lt-Montavimo-darbai-300x217.png 300w, https:\/\/vienasaule.lt\/wp-content\/uploads\/2022\/11\/www.vienasaule.lt-Montavimo-darbai-768x556.png 768w, https:\/\/vienasaule.lt\/wp-content\/uploads\/2022\/11\/www.vienasaule.lt-Montavimo-darbai.png 1027w\" sizes=\"(max-width: 441px) 100vw, 441px\" \/><\/figure><\/div><\/div>\n\n\n\n<div class=\"wp-container-25 wp-block-column\" style=\"flex-basis:51%\">\n<h3 class=\"has-text-align-center\"><mark style=\"background-color:rgba(0, 0, 0, 0)\" class=\"has-inline-color has-neve-link-color-color\">Per kiek laiko saul\u0117s elektrin\u0117 bus sumontuota?<\/mark><\/h3>\n\n\n\n<p class=\"has-text-align-center\"><mark style=\"background-color:rgba(0, 0, 0, 0)\" class=\"has-inline-color has-neve-link-color-color\">Kiekvienas elektrini\u0173 statytojas nusimato optimal\u0173 elektrin\u0117s \u012frengimo termin\u0105, ta\u010diau rinkoje projekto \u012fgyvendinimas nuo sutarties pasira\u0161ymo iki dvipusio skaitiklio \u012frengimo da\u017eniausiai trunka 6-8 m\u0117n.<\/mark><\/p>\n\n\n\n<p class=\"has-text-align-center\"><mark style=\"background-color:rgba(0, 0, 0, 0)\" class=\"has-inline-color has-neve-link-color-color\">Pati elektrin\u0117 sumontuojama per 1\u20133 darbo dienas. O tai priklauso nuo diegiamos elektrin\u0117s galios ir moduli\u0173 kiekio, stogo dangos bei konstrukcij\u0173 ypatum\u0173.<\/mark><\/p>\n\n\n\n<p class=\"has-text-align-center\"><mark style=\"background-color:rgba(0, 0, 0, 0)\" class=\"has-inline-color has-neve-link-color-color\">Darb\u0173 trukm\u0117 priklauso nuo to, ar buvo atlikti reikiami paruo\u0161iamieji darbai ir ar nei\u0161kyla nenumatyt\u0173 sunkum\u0173 montavimo metu.<\/mark><\/p>\n<\/div>\n<\/div>\n\n\n\n<div class=\"wp-container-28 wp-block-columns\">\n<div class=\"wp-container-27 wp-block-column\"><\/div>\n<\/div>\n\n\n\n<div style=\"height:40px\" aria-hidden=\"true\" class=\"wp-block-spacer\"><\/div>\n<\/div><\/div>\n<\/div><\/div>\n\n\n\n<div class=\"wp-block-cover alignfull\" style=\"min-height:609px\"><span aria-hidden=\"true\" class=\"wp-block-cover__background has-nv-dark-bg-background-color has-background-dim-100 has-background-dim\"><\/span><div class=\"wp-block-cover__inner-container\">\n<h2 class=\"has-text-align-center has-nv-text-dark-bg-color has-text-color\">DIRPKIME KARTU, J\u016aS\u0172 NAUJAME SAUL\u0116S ELEKTRIN\u0116S PROJEKTE<\/h2>\n\n\n\n<p class=\"has-text-align-center has-medium-font-size\">M\u016bs\u0173 patyr\u0119 saul\u0117s ekspertai yra pasireng\u0119 atsakyti \u012f visus kylan\u010dius klausimus bei duoti patarim\u0173, pad\u0117sian\u010di\u0173 lengvai ir greitai \u012fsirengti saul\u0117s elektrin\u0119 ant stogo ar \u017eem\u0117s.<\/p>\n\n\n\n<div class=\"wp-container-30 is-content-justification-center wp-block-buttons\">\n<div class=\"wp-block-button is-style-primary\"><a class=\"wp-block-button__link\" href=\"https:\/\/vienasaule.lt\/?pagename=contact\" target=\"_blank\" rel=\"noreferrer noopener\">SUSISIEKITE SU M\u016aS\u0172 EKSPERTAIS<\/a><\/div>\n<\/div>\n<\/div><\/div>\n","protected":false},"excerpt":{"rendered":"<p>Kokius nam\u0173 darbus reikia atlikti pirmiausiai?<\/p>\n","protected":false},"author":1,"featured_media":0,"parent":0,"menu_order":0,"comment_status":"closed","ping_status":"closed","template":"","meta":{"om_disable_all_campaigns":false,"_monsterinsights_skip_tracking":false,"_monsterinsights_sitenote_active":false,"_monsterinsights_sitenote_note":"","_monsterinsights_sitenote_category":0,"neve_meta_sidebar":"","neve_meta_container":"","neve_meta_enable_content_width":"on","neve_meta_content_width":100,"neve_meta_title_alignment":"","neve_meta_author_avatar":"","neve_post_elements_order":"","neve_meta_disable_header":"","neve_meta_disable_footer":"","neve_meta_disable_title":"on"},"aioseo_notices":[],"_links":{"self":[{"href":"https:\/\/vienasaule.lt\/index.php\/wp-json\/wp\/v2\/pages\/10"}],"collection":[{"href":"https:\/\/vienasaule.lt\/index.php\/wp-json\/wp\/v2\/pages"}],"about":[{"href":"https:\/\/vienasaule.lt\/index.php\/wp-json\/wp\/v2\/types\/page"}],"author":[{"embeddable":true,"href":"https:\/\/vienasaule.lt\/index.php\/wp-json\/wp\/v2\/users\/1"}],"replies":[{"embeddable":true,"href":"https:\/\/vienasaule.lt\/index.php\/wp-json\/wp\/v2\/comments?post=10"}],"version-history":[{"count":92,"href":"https:\/\/vienasaule.lt\/index.php\/wp-json\/wp\/v2\/pages\/10\/revisions"}],"predecessor-version":[{"id":721,"href":"https:\/\/vienasaule.lt\/index.php\/wp-json\/wp\/v2\/pages\/10\/revisions\/721"}],"wp:attachment":[{"href":"https:\/\/vienasaule.lt\/index.php\/wp-json\/wp\/v2\/media?parent=10"}],"curies":[{"name":"wp","href":"https:\/\/api.w.org\/{rel}","templated":true}]}}