{"id":6,"date":"2022-10-26T10:28:09","date_gmt":"2022-10-26T10:28:09","guid":{"rendered":"https:\/\/vienasaule.lt\/?page_id=6"},"modified":"2025-02-07T11:09:09","modified_gmt":"2025-02-07T11:09:09","slug":"produktai","status":"publish","type":"page","link":"https:\/\/vienasaule.lt\/","title":{"rendered":"PRODUKTAI"},"content":{"rendered":"\n<div class=\"wp-block-cover alignfull is-light\" style=\"min-height:100vh\"><span aria-hidden=\"true\" class=\"wp-block-cover__background has-background-dim-0 has-background-dim\"><\/span><div class=\"wp-block-cover__inner-container\">\n<h2 class=\"has-text-align-center has-text-color\" style=\"color:#121212\">LAIKO PATIKRINTA KOKYB\u0116 <\/h2>\n\n\n\n<div class=\"wp-container-1 is-horizontal is-content-justification-center wp-block-buttons\">\n<div class=\"wp-block-button has-custom-font-size is-style-primary has-small-font-size\"><a class=\"wp-block-button__link has-neve-link-color-color has-neve-link-hover-color-background-color has-text-color has-background\" href=\"https:\/\/www.solaxpower.com\/\" style=\"border-radius:10px\" target=\"_blank\" rel=\"noreferrer noopener\"><mark style=\"background-color:rgba(0, 0, 0, 0)\" class=\"has-inline-color has-neve-text-color-color\">Apie SOLAX<\/mark><\/a><\/div>\n\n\n\n<div class=\"wp-block-button is-style-secondary\"><a class=\"wp-block-button__link has-neve-link-color-color has-text-color has-background\" href=\"https:\/\/www.trinasolar.com\/eu-en\" style=\"border-radius:10px;background-color:#00c2ff\" target=\"_blank\" rel=\"noreferrer noopener\">Apie TRINA<\/a><\/div>\n<\/div>\n\n\n\n<div class=\"wp-container-3 wp-block-columns\">\n<div class=\"wp-container-2 wp-block-column\"><\/div>\n<\/div>\n\n\n\n<div class=\"wp-container-4 is-content-justification-center wp-block-buttons\">\n<div class=\"wp-block-button\"><a class=\"wp-block-button__link has-neve-link-color-color has-text-color has-background\" href=\"https:\/\/www.apva.lt\/jau-sia-savaite-kvietimas-gyventojams-saules-elektriniu-isigijimui\/?fbclid=IwAR10GFmUKmmG7ET86MgZfVh0nWV8pHnZ8SQgiRbvEip8eXNo90Eu2oFMv6g\" style=\"border-radius:10px;background:linear-gradient(135deg,rgb(202,248,128) 0%,rgb(70,235,24) 0%,rgb(14,246,45) 100%)\" target=\"_blank\" rel=\"noreferrer noopener\">         APVIS  parama    2024 m            <\/a><\/div>\n<\/div>\n\n\n\n<div class=\"wp-container-6 wp-block-columns\">\n<div class=\"wp-container-5 wp-block-column\"><\/div>\n<\/div>\n\n\n\n<figure class=\"wp-block-video alignwide\"><video autoplay loop muted src=\"https:\/\/vienasaule.lt\/wp-content\/uploads\/2024\/03\/VIDEO-WEBSITE.mp4\" playsinline><\/video><\/figure>\n<\/div><\/div>\n\n\n\n<div class=\"wp-container-10 wp-block-columns\">\n<div class=\"wp-container-7 wp-block-column\"><div class=\"wp-block-image icon-style is-style-default\">\n<figure class=\"aligncenter is-resized\"><img loading=\"lazy\" src=\"https:\/\/vienasaule.lt\/wp-content\/themes\/neve\/assets\/img\/starter-content\/icon-03.svg\" alt=\"\" width=\"48\" height=\"48\"\/><\/figure><\/div>\n\n\n<h3 class=\"has-text-align-center has-neve-text-color-color has-text-color\">Analiz\u0117 ir planavimas<\/h3>\n\n\n\n<p class=\"has-text-align-center\">Parengiame ataskait\u0105, kurioje ai\u0161kiai matysite, kuri saul\u0117s elektrin\u0117 jums bus efektyviausia.<\/p>\n\n\n\n<div style=\"height:20px\" aria-hidden=\"true\" class=\"wp-block-spacer\"><\/div>\n<\/div>\n\n\n\n<div class=\"wp-container-8 wp-block-column\"><div class=\"wp-block-image icon-style is-style-default\">\n<figure class=\"aligncenter is-resized\"><img loading=\"lazy\" src=\"https:\/\/vienasaule.lt\/wp-content\/themes\/neve\/assets\/img\/starter-content\/icon-02.svg\" alt=\"\" width=\"48\" height=\"48\"\/><\/figure><\/div>\n\n\n<h3 class=\"has-text-align-center has-neve-text-color-color has-text-color\">\u012erangos kaina ir garantija<\/h3>\n\n\n\n<p class=\"has-text-align-center\">Si\u016blome \u012frang\u0105 su 25 met\u0173 efektyvumo bei 10 met\u0173 \u012frangos garantija. Garantin\u012f laikotarp\u012f taip pat turi ir visos elektrin\u0117s dalys.<\/p>\n\n\n\n<div style=\"height:20px\" aria-hidden=\"true\" class=\"wp-block-spacer\"><\/div>\n<\/div>\n\n\n\n<div class=\"wp-container-9 wp-block-column\"><div class=\"wp-block-image icon-style is-style-rounded\">\n<figure class=\"aligncenter is-resized\"><img loading=\"lazy\" src=\"https:\/\/vienasaule.lt\/wp-content\/themes\/neve\/assets\/img\/starter-content\/icon-01.svg\" alt=\"\" width=\"48\" height=\"48\"\/><\/figure><\/div>\n\n\n<h3 class=\"has-text-align-center has-neve-text-color-color has-text-color\">\u012erengimas ir pridavimas<\/h3>\n\n\n\n<p class=\"has-text-align-center\">Kiekvienas klientas individualus, tad dirbame su kiekvienu atskirai ir atsakingai.<\/p>\n\n\n\n<div style=\"height:20px\" aria-hidden=\"true\" class=\"wp-block-spacer\"><\/div>\n<\/div>\n<\/div>\n\n\n\n<div style=\"height:80px\" aria-hidden=\"true\" class=\"wp-block-spacer\"><\/div>\n\n\n\n<div class=\"wp-block-cover alignfull\" style=\"min-height:500px\"><span aria-hidden=\"true\" class=\"wp-block-cover__background has-nv-light-bg-background-color has-background-dim-100 has-background-dim\"><\/span><div class=\"wp-block-cover__inner-container\">\n<div class=\"wp-container-15 wp-block-group\"><div class=\"wp-block-group__inner-container\">\n<div class=\"wp-container-14 wp-block-columns\">\n<div class=\"wp-container-11 wp-block-column is-vertically-aligned-center\" style=\"flex-basis:50%\"><div class=\"wp-block-image\">\n<figure class=\"aligncenter size-large is-resized\"><img loading=\"lazy\" src=\"https:\/\/vienasaule.lt\/wp-content\/uploads\/2022\/10\/Reklama-brosiura-1024x758.png\" alt=\"\" class=\"wp-image-142\" width=\"482\" height=\"357\" srcset=\"https:\/\/vienasaule.lt\/wp-content\/uploads\/2022\/10\/Reklama-brosiura-1024x758.png 1024w, https:\/\/vienasaule.lt\/wp-content\/uploads\/2022\/10\/Reklama-brosiura-300x222.png 300w, https:\/\/vienasaule.lt\/wp-content\/uploads\/2022\/10\/Reklama-brosiura-768x568.png 768w, https:\/\/vienasaule.lt\/wp-content\/uploads\/2022\/10\/Reklama-brosiura-1536x1137.png 1536w, https:\/\/vienasaule.lt\/wp-content\/uploads\/2022\/10\/Reklama-brosiura-2048x1516.png 2048w\" sizes=\"(max-width: 482px) 100vw, 482px\" \/><\/figure><\/div><\/div>\n\n\n\n<div class=\"wp-container-13 wp-block-column\" style=\"flex-basis:50%\">\n<div style=\"height:20px\" aria-hidden=\"true\" class=\"wp-block-spacer\"><\/div>\n\n\n\n<h2 class=\"alignwide has-text-align-center has-neve-text-color-color has-text-color\">SOLAX cloud<\/h2>\n\n\n\n<p class=\"has-text-align-center has-neve-text-color-color has-text-color\" style=\"font-size:17px\">Paspaudus &#8220;SOLAX CLOUD TESTAS&#8221;, atsidariusio lango vir\u0161utin\u0117je dalyje, prie prisijungimo skilties, spustel\u0117kite DEMO mygtuk\u0105 .<\/p>\n\n\n\n<div class=\"wp-container-12 is-content-justification-center wp-block-buttons\">\n<div class=\"wp-block-button is-style-primary\"><a class=\"wp-block-button__link\" href=\"https:\/\/www.solaxcloud.com\/#\/overview\" style=\"border-radius:10px\" target=\"_blank\" rel=\"noreferrer noopener\">SOLAX CLOUD TESTAS<\/a><\/div>\n<\/div>\n<\/div>\n<\/div>\n<\/div><\/div>\n<\/div><\/div>\n\n\n\n<div class=\"wp-block-cover alignfull\" style=\"min-height:500px\"><span aria-hidden=\"true\" class=\"wp-block-cover__background has-nv-site-bg-background-color has-background-dim-100 has-background-dim\"><\/span><div class=\"wp-block-cover__inner-container\">\n<div class=\"wp-container-21 wp-block-group\"><div class=\"wp-block-group__inner-container\">\n<div style=\"height:80px\" aria-hidden=\"true\" class=\"wp-block-spacer\"><\/div>\n\n\n\n<div class=\"wp-container-20 wp-block-columns are-vertically-aligned-center\">\n<div class=\"wp-container-16 wp-block-column is-vertically-aligned-center\" style=\"flex-basis:50%\"><div class=\"wp-block-image\">\n<figure class=\"aligncenter size-full is-resized\"><img loading=\"lazy\" src=\"https:\/\/vienasaule.lt\/wp-content\/uploads\/2023\/01\/DE09R.08_index.png\" alt=\"\" class=\"wp-image-767\" width=\"210\" height=\"332\" srcset=\"https:\/\/vienasaule.lt\/wp-content\/uploads\/2023\/01\/DE09R.08_index.png 266w, https:\/\/vienasaule.lt\/wp-content\/uploads\/2023\/01\/DE09R.08_index-190x300.png 190w\" sizes=\"(max-width: 210px) 100vw, 210px\" \/><\/figure><\/div><\/div>\n\n\n\n<div class=\"wp-container-18 wp-block-column is-vertically-aligned-center\" style=\"flex-basis:50%\">\n<h2 class=\"has-text-align-center has-neve-text-color-color has-text-color\">Vertex S 450W<\/h2>\n\n\n\n<p class=\"has-text-align-center has-neve-text-color-color has-text-color\" style=\"font-size:17px\">Naujoji Vertex S 425W &#8211; DE09R.08 moduli\u0173 klas\u0117 yra paremta pa\u017eangia Vertex platformos technologija. Ji suprojektuota taip, kad atitikt\u0173 konkre\u010dius stogo reikalavimus, tokius kaip: galia, efektyvumas, dydis, svoris, i\u0161vaizda, mechanin\u0117 apkrova ir patikimumas. \u0160is modulis u\u017etikrins geriausi\u0105 galios, dyd\u017eio ir svorio balans\u0105.<\/p>\n\n\n\n<div class=\"wp-container-17 is-content-justification-center wp-block-buttons\">\n<div class=\"wp-block-button is-style-primary\"><a class=\"wp-block-button__link\" href=\"https:\/\/static.trinasolar.com\/sites\/default\/files\/Datasheet_VertexS_DE09R.08W_EU_2022_A.pdf\" style=\"border-radius:10px\" target=\"_blank\" rel=\"noreferrer noopener\">CE sertifikatas   TRINA 450W<\/a><\/div>\n<\/div>\n\n\n\n<div style=\"height:40px\" aria-hidden=\"true\" class=\"wp-block-spacer\"><\/div>\n<\/div>\n\n\n\n<div class=\"wp-container-19 wp-block-column\"><\/div>\n<\/div>\n\n\n\n<div style=\"height:0px\" aria-hidden=\"true\" class=\"wp-block-spacer\"><\/div>\n<\/div><\/div>\n<\/div><\/div>\n\n\n\n<div class=\"wp-container-27 wp-block-group alignfull\"><div class=\"wp-block-group__inner-container\">\n<div class=\"wp-block-cover alignfull\" style=\"min-height:500px\"><span aria-hidden=\"true\" class=\"wp-block-cover__background has-nv-light-bg-background-color has-background-dim-100 has-background-dim\"><\/span><div class=\"wp-block-cover__inner-container\">\n<div class=\"wp-container-26 wp-block-group\"><div class=\"wp-block-group__inner-container\">\n<div class=\"wp-container-25 wp-block-columns are-vertically-aligned-center\">\n<div class=\"wp-container-22 wp-block-column is-vertically-aligned-center\" style=\"flex-basis:50%\"><div class=\"wp-block-image\">\n<figure class=\"aligncenter size-large is-resized\"><img loading=\"lazy\" src=\"https:\/\/vienasaule.lt\/wp-content\/uploads\/2022\/10\/SOLAX-grupe-1024x913.png\" alt=\"\" class=\"wp-image-406\" width=\"386\" height=\"342\"\/><\/figure><\/div><\/div>\n\n\n\n<div class=\"wp-container-24 wp-block-column is-vertically-aligned-center\" style=\"flex-basis:50%\">\n<div style=\"height:40px\" aria-hidden=\"true\" class=\"wp-block-spacer\"><\/div>\n\n\n\n<h2 class=\"has-text-align-center has-neve-link-color-color has-text-color\">SOLAX   \u012eTAMPOS KEITIKLIAI <\/h2>\n\n\n\n<p class=\"has-text-align-center has-neve-link-color-color has-text-color\" style=\"font-size:17px\">I\u0161manus, saugus ir patikimas SOLAX pad\u0117s optimizuoti J\u016bs\u0173 saul\u0117s elektrin\u0119. X SERIJA pasi\u017eymi itin auk\u0161tu efektyvumu, galin\u010diu siekti net  99,0 %. \u012evairus galios pasirinkimas, nuo 0,6 iki 150 kW<\/p>\n\n\n\n<div class=\"wp-container-23 is-content-justification-center wp-block-buttons\">\n<div class=\"wp-block-button is-style-primary\"><a class=\"wp-block-button__link\" href=\"https:\/\/www.solaxpower.com\/downloads\/\" style=\"border-radius:10px\" target=\"_blank\" rel=\"noreferrer noopener\">SOLAX     KATALOGAS<\/a><\/div>\n<\/div>\n<\/div>\n<\/div>\n<\/div><\/div>\n<\/div><\/div>\n<\/div><\/div>\n\n\n\n<div class=\"wp-block-cover\" style=\"min-height:500px\"><span aria-hidden=\"true\" class=\"wp-block-cover__background has-nv-site-bg-background-color has-background-dim-100 has-background-dim\"><\/span><div class=\"wp-block-cover__inner-container\">\n<p class=\"has-text-align-center has-medium-font-size\"><\/p>\n\n\n\n<div class=\"wp-container-31 wp-block-columns\">\n<div class=\"wp-container-28 wp-block-column\"><div class=\"wp-block-image\">\n<figure class=\"aligncenter size-large is-resized\"><img loading=\"lazy\" src=\"https:\/\/vienasaule.lt\/wp-content\/uploads\/2022\/11\/Baterijos-vienasaule.lt--1024x758.png\" alt=\"\" class=\"wp-image-568\" width=\"426\" height=\"315\" srcset=\"https:\/\/vienasaule.lt\/wp-content\/uploads\/2022\/11\/Baterijos-vienasaule.lt--1024x758.png 1024w, https:\/\/vienasaule.lt\/wp-content\/uploads\/2022\/11\/Baterijos-vienasaule.lt--300x222.png 300w, https:\/\/vienasaule.lt\/wp-content\/uploads\/2022\/11\/Baterijos-vienasaule.lt--768x568.png 768w, https:\/\/vienasaule.lt\/wp-content\/uploads\/2022\/11\/Baterijos-vienasaule.lt--1536x1136.png 1536w, https:\/\/vienasaule.lt\/wp-content\/uploads\/2022\/11\/Baterijos-vienasaule.lt--2048x1515.png 2048w\" sizes=\"(max-width: 426px) 100vw, 426px\" \/><\/figure><\/div><\/div>\n\n\n\n<div class=\"wp-container-30 wp-block-column is-vertically-aligned-center has-neve-link-color-color has-text-color\">\n<h2 class=\"has-text-align-center\">X-ESS G4    BATERIJOS<\/h2>\n\n\n\n<p class=\"has-text-align-center\">SolaX suk\u016br\u0117 pa\u017eangiausi\u0105 energijos kaupimo sistem\u0105.<\/p>\n\n\n\n<div class=\"wp-container-29 is-content-justification-center wp-block-buttons\">\n<div class=\"wp-block-button is-style-primary\"><a class=\"wp-block-button__link\" href=\"https:\/\/www.solaxpower.com\/x-ess-g4\/\" style=\"border-radius:10px\" target=\"_blank\" rel=\"noreferrer noopener\">X-EES G4  iki 12 kW<\/a><\/div>\n<\/div>\n<\/div>\n<\/div>\n<\/div><\/div>\n\n\n\n<div class=\"wp-block-cover\" style=\"min-height:505px\"><span aria-hidden=\"true\" class=\"wp-block-cover__background has-nv-site-bg-background-color has-background-dim-100 has-background-dim\"><\/span><div class=\"wp-block-cover__inner-container\">\n<p class=\"has-text-align-left has-neve-link-color-color has-nv-site-bg-background-color has-text-color has-background has-medium-font-size\"><\/p>\n\n\n\n<div class=\"wp-container-35 wp-block-columns\">\n<div class=\"wp-container-32 wp-block-column\">\n<figure class=\"wp-block-image size-large is-resized\"><img loading=\"lazy\" src=\"https:\/\/vienasaule.lt\/wp-content\/uploads\/2022\/11\/www.vienasaule.lt-GARANTIJA-SOLAX-1024x589.png\" alt=\"\" class=\"wp-image-574\" width=\"537\" height=\"308\" srcset=\"https:\/\/vienasaule.lt\/wp-content\/uploads\/2022\/11\/www.vienasaule.lt-GARANTIJA-SOLAX-1024x589.png 1024w, https:\/\/vienasaule.lt\/wp-content\/uploads\/2022\/11\/www.vienasaule.lt-GARANTIJA-SOLAX-300x172.png 300w, https:\/\/vienasaule.lt\/wp-content\/uploads\/2022\/11\/www.vienasaule.lt-GARANTIJA-SOLAX-768x441.png 768w, https:\/\/vienasaule.lt\/wp-content\/uploads\/2022\/11\/www.vienasaule.lt-GARANTIJA-SOLAX-1536x883.png 1536w, https:\/\/vienasaule.lt\/wp-content\/uploads\/2022\/11\/www.vienasaule.lt-GARANTIJA-SOLAX-2048x1177.png 2048w\" sizes=\"(max-width: 537px) 100vw, 537px\" \/><\/figure>\n<\/div>\n\n\n\n<div class=\"wp-container-34 wp-block-column is-vertically-aligned-center\">\n<h2 class=\"alignwide has-text-align-center has-neve-link-color-color has-text-color\">SOLAX Garantija<\/h2>\n\n\n\n<p class=\"has-text-align-center has-neve-link-color-color has-text-color\"> U\u017eregistruokite savo garantijos informacij\u0105, spustel\u0117jus mygtuk\u0105 &#8220;SOLAX GARANTIJA&#8221; <\/p>\n\n\n\n<div class=\"wp-container-33 is-content-justification-center wp-block-buttons\">\n<div class=\"wp-block-button is-style-primary\"><a class=\"wp-block-button__link\" href=\"https:\/\/www.solaxcloud.com\/#\/warranty\" style=\"border-radius:10px\" target=\"_blank\" rel=\"noreferrer noopener\">SOLAX   GARANTIJA<\/a><\/div>\n<\/div>\n<\/div>\n<\/div>\n<\/div><\/div>\n\n\n\n<div class=\"wp-block-cover alignfull\" style=\"min-height:420px\"><span aria-hidden=\"true\" class=\"wp-block-cover__background has-nv-site-bg-background-color has-background-dim-100 has-background-dim\"><\/span><div class=\"wp-block-cover__inner-container\">\n<div style=\"height:169px\" aria-hidden=\"true\" class=\"wp-block-spacer\"><\/div>\n\n\n\n<h2><\/h2>\n\n\n\n<div class=\"wp-container-39 wp-block-columns\">\n<div class=\"wp-container-36 wp-block-column\"><div class=\"wp-block-image is-style-default\">\n<figure class=\"aligncenter size-thumbnail\"><img loading=\"lazy\" width=\"150\" height=\"150\" src=\"https:\/\/vienasaule.lt\/wp-content\/uploads\/2022\/10\/Reklama-brosiura-1-150x150.png\" alt=\"\" class=\"wp-image-213\"\/><\/figure><\/div>\n\n\n<p class=\"has-text-align-center has-neve-text-color-color has-text-color has-normal-font-size\">VILNIUS<\/p>\n\n\n\n<p class=\"has-text-align-center has-neve-text-color-color has-text-color\">+370 66884658<\/p>\n\n\n\n<p><\/p>\n\n\n\n<div style=\"height:20px\" aria-hidden=\"true\" class=\"wp-block-spacer\"><\/div>\n<\/div>\n\n\n\n<div class=\"wp-container-37 wp-block-column\"><div class=\"wp-block-image is-style-default\">\n<figure class=\"aligncenter size-thumbnail\"><img loading=\"lazy\" width=\"150\" height=\"150\" src=\"https:\/\/vienasaule.lt\/wp-content\/uploads\/2022\/10\/KAUNAS-150x150.jpg\" alt=\"\" class=\"wp-image-209\"\/><\/figure><\/div>\n\n\n<p class=\"has-text-align-center has-neve-text-color-color has-text-color has-normal-font-size\">KAUNAS<\/p>\n\n\n\n<p class=\"has-text-align-center has-neve-text-color-color has-text-color\">+370 610 21229<\/p>\n\n\n\n<div style=\"height:20px\" aria-hidden=\"true\" class=\"wp-block-spacer\"><\/div>\n<\/div>\n\n\n\n<div class=\"wp-container-38 wp-block-column\"><div class=\"wp-block-image is-style-default\">\n<figure class=\"aligncenter size-thumbnail\"><img loading=\"lazy\" width=\"150\" height=\"150\" src=\"https:\/\/vienasaule.lt\/wp-content\/uploads\/2022\/10\/01-KLAIPEDA-1-150x150.png\" alt=\"\" class=\"wp-image-236\" srcset=\"https:\/\/vienasaule.lt\/wp-content\/uploads\/2022\/10\/01-KLAIPEDA-1-150x150.png 150w, https:\/\/vienasaule.lt\/wp-content\/uploads\/2022\/10\/01-KLAIPEDA-1-300x300.png 300w, https:\/\/vienasaule.lt\/wp-content\/uploads\/2022\/10\/01-KLAIPEDA-1-1024x1024.png 1024w, https:\/\/vienasaule.lt\/wp-content\/uploads\/2022\/10\/01-KLAIPEDA-1-768x768.png 768w, https:\/\/vienasaule.lt\/wp-content\/uploads\/2022\/10\/01-KLAIPEDA-1-1536x1536.png 1536w, https:\/\/vienasaule.lt\/wp-content\/uploads\/2022\/10\/01-KLAIPEDA-1-2048x2048.png 2048w\" sizes=\"(max-width: 150px) 100vw, 150px\" \/><\/figure><\/div>\n\n\n<p class=\"has-text-align-center has-neve-text-color-color has-text-color has-normal-font-size\">KLAIP\u0116DA<\/p>\n\n\n\n<p class=\"has-text-align-center has-neve-text-color-color has-text-color\"><mark style=\"background-color:rgba(0, 0, 0, 0)\" class=\"has-inline-color has-neve-link-color-color\">+370 606 36111<\/mark><\/p>\n\n\n\n<p><\/p>\n\n\n\n<div style=\"height:20px\" aria-hidden=\"true\" class=\"wp-block-spacer\"><\/div>\n<\/div>\n<\/div>\n\n\n\n<div style=\"height:30px\" aria-hidden=\"true\" class=\"wp-block-spacer\"><\/div>\n<\/div><\/div>\n\n\n\n<div class=\"wp-block-cover alignfull\" style=\"min-height:300px\"><span aria-hidden=\"true\" class=\"wp-block-cover__background has-nv-dark-bg-background-color has-background-dim-100 has-background-dim\"><\/span><div class=\"wp-block-cover__inner-container\">\n<div style=\"height:140px\" aria-hidden=\"true\" class=\"wp-block-spacer\"><\/div>\n\n\n\n<h2 class=\"has-text-align-center has-nv-text-dark-bg-color has-text-color\">DIRBKIME KARTU, J\u016aS\u0172 NAUJAME SAUL\u0116S ELEKTRIN\u0116S PROJEKTE<\/h2>\n\n\n\n<p class=\"has-text-align-center has-medium-font-size\">M\u016bs\u0173 patyr\u0119 saul\u0117s ekspertai yra pasireng\u0119 atsakyti \u012f visus kylan\u010dius klausimus bei duoti patarim\u0173, pad\u0117sian\u010di\u0173 lengvai ir greitai \u012fsirengti saul\u0117s elektrin\u0119 ant stogo ar \u017eem\u0117s.<\/p>\n\n\n\n<div class=\"wp-container-40 is-content-justification-center wp-block-buttons\">\n<div class=\"wp-block-button is-style-primary\"><a class=\"wp-block-button__link\" href=\"https:\/\/vienasaule.lt\/?pagename=contact\" style=\"border-radius:10px\">SUSISIEKIME<\/a><\/div>\n<\/div>\n\n\n\n<div style=\"height:140px\" aria-hidden=\"true\" class=\"wp-block-spacer\"><\/div>\n<\/div><\/div>\n","protected":false},"excerpt":{"rendered":"<p>Analiz\u0117 ir planavimas Parengiame ataskait\u0105, kurioje ai\u0161kiai matysite, kuri saul\u0117s elektrin\u0117 jums bus efektyviausia. \u012erangos kaina ir garantija Si\u016blome \u012frang\u0105 su 25 met\u0173 efektyvumo bei 10 met\u0173 \u012frangos garantija. Garantin\u012f laikotarp\u012f taip pat turi ir visos elektrin\u0117s dalys. \u012erengimas ir pridavimas Kiekvienas klientas individualus, tad dirbame su kiekvienu atskirai ir atsakingai.<\/p>\n","protected":false},"author":1,"featured_media":0,"parent":0,"menu_order":1,"comment_status":"closed","ping_status":"closed","template":"page-templates\/template-pagebuilder-full-width.php","meta":{"om_disable_all_campaigns":false,"_monsterinsights_skip_tracking":false,"_monsterinsights_sitenote_active":false,"_monsterinsights_sitenote_note":"","_monsterinsights_sitenote_category":0,"neve_meta_sidebar":"","neve_meta_container":"","neve_meta_enable_content_width":"on","neve_meta_content_width":100,"neve_meta_title_alignment":"","neve_meta_author_avatar":"","neve_post_elements_order":"","neve_meta_disable_header":"","neve_meta_disable_footer":"","neve_meta_disable_title":"on"},"aioseo_notices":[],"_links":{"self":[{"href":"https:\/\/vienasaule.lt\/index.php\/wp-json\/wp\/v2\/pages\/6"}],"collection":[{"href":"https:\/\/vienasaule.lt\/index.php\/wp-json\/wp\/v2\/pages"}],"about":[{"href":"https:\/\/vienasaule.lt\/index.php\/wp-json\/wp\/v2\/types\/page"}],"author":[{"embeddable":true,"href":"https:\/\/vienasaule.lt\/index.php\/wp-json\/wp\/v2\/users\/1"}],"replies":[{"embeddable":true,"href":"https:\/\/vienasaule.lt\/index.php\/wp-json\/wp\/v2\/comments?post=6"}],"version-history":[{"count":224,"href":"https:\/\/vienasaule.lt\/index.php\/wp-json\/wp\/v2\/pages\/6\/revisions"}],"predecessor-version":[{"id":885,"href":"https:\/\/vienasaule.lt\/index.php\/wp-json\/wp\/v2\/pages\/6\/revisions\/885"}],"wp:attachment":[{"href":"https:\/\/vienasaule.lt\/index.php\/wp-json\/wp\/v2\/media?parent=6"}],"curies":[{"name":"wp","href":"https:\/\/api.w.org\/{rel}","templated":true}]}}