{"id":8,"date":"2022-10-26T10:28:09","date_gmt":"2022-10-26T10:28:09","guid":{"rendered":"https:\/\/vienasaule.lt\/?page_id=8"},"modified":"2024-03-15T09:46:49","modified_gmt":"2024-03-15T09:46:49","slug":"contact","status":"publish","type":"page","link":"https:\/\/vienasaule.lt\/index.php\/contact\/","title":{"rendered":"TRUMPAI IR PAPRASTAI"},"content":{"rendered":"\n<div class=\"wp-block-cover alignfull\" style=\"min-height:300px\"><span aria-hidden=\"true\" class=\"wp-block-cover__background has-nv-site-bg-background-color has-background-dim-100 has-background-dim\"><\/span><div class=\"wp-block-cover__inner-container\">\n<div class=\"wp-container-1 wp-block-group\"><div class=\"wp-block-group__inner-container\">\n<h1 class=\"has-text-align-left has-neve-text-color-color has-text-color\"><\/h1>\n<\/div><\/div>\n<\/div><\/div>\n\n\n\n<div class=\"wp-container-11 wp-block-columns\">\n<div class=\"wp-container-10 wp-block-column\" style=\"flex-basis:100%\">\n<div class=\"wp-container-9 wp-block-columns\">\n<div class=\"wp-container-8 wp-block-column\" style=\"flex-basis:100%\">\n<div class=\"wp-container-7 wp-block-columns\">\n<div class=\"wp-container-6 wp-block-column\">\n<div class=\"wp-container-5 wp-block-columns\">\n<div class=\"wp-container-2 wp-block-column\"><div class=\"wp-block-image\">\n<figure class=\"aligncenter size-thumbnail is-resized\"><img loading=\"lazy\" src=\"https:\/\/vienasaule.lt\/wp-content\/uploads\/2022\/10\/Reklama-brosiura-1-150x150.png\" alt=\"\" class=\"wp-image-213\" width=\"200\" height=\"200\"\/><figcaption><strong>+370 66884658<\/strong><\/figcaption><\/figure><\/div><\/div>\n\n\n\n<div class=\"wp-container-3 wp-block-column\"><div class=\"wp-block-image\">\n<figure class=\"aligncenter size-thumbnail is-resized\"><img loading=\"lazy\" src=\"https:\/\/vienasaule.lt\/wp-content\/uploads\/2022\/10\/KAUNAS-150x150.jpg\" alt=\"\" class=\"wp-image-209\" width=\"200\" height=\"200\"\/><figcaption><strong>+370 610 21229<\/strong><\/figcaption><\/figure><\/div><\/div>\n\n\n\n<div class=\"wp-container-4 wp-block-column\"><div class=\"wp-block-image\">\n<figure class=\"aligncenter size-thumbnail is-resized\"><img loading=\"lazy\" src=\"https:\/\/vienasaule.lt\/wp-content\/uploads\/2022\/10\/01-KLAIPEDA-1-150x150.png\" alt=\"\" class=\"wp-image-236\" width=\"200\" height=\"200\" srcset=\"https:\/\/vienasaule.lt\/wp-content\/uploads\/2022\/10\/01-KLAIPEDA-1-150x150.png 150w, https:\/\/vienasaule.lt\/wp-content\/uploads\/2022\/10\/01-KLAIPEDA-1-300x300.png 300w, https:\/\/vienasaule.lt\/wp-content\/uploads\/2022\/10\/01-KLAIPEDA-1-1024x1024.png 1024w, https:\/\/vienasaule.lt\/wp-content\/uploads\/2022\/10\/01-KLAIPEDA-1-768x768.png 768w, https:\/\/vienasaule.lt\/wp-content\/uploads\/2022\/10\/01-KLAIPEDA-1-1536x1536.png 1536w, https:\/\/vienasaule.lt\/wp-content\/uploads\/2022\/10\/01-KLAIPEDA-1-2048x2048.png 2048w\" sizes=\"(max-width: 200px) 100vw, 200px\" \/><figcaption><strong>+370 606 36111<\/strong><\/figcaption><\/figure><\/div><\/div>\n<\/div>\n<\/div>\n<\/div>\n<\/div>\n<\/div>\n<\/div>\n<\/div>\n\n\n\n<div class=\"wp-block-cover alignfull\" style=\"min-height:420px\"><span aria-hidden=\"true\" class=\"wp-block-cover__background has-nv-light-bg-background-color has-background-dim-100 has-background-dim\"><\/span><div class=\"wp-block-cover__inner-container\">\n<div style=\"height:80px\" aria-hidden=\"true\" class=\"wp-block-spacer\"><\/div>\n\n\n\n<div class=\"wp-container-15 wp-block-columns\">\n<div class=\"wp-container-12 wp-block-column\">\n<div style=\"height:24px\" aria-hidden=\"true\" class=\"wp-block-spacer\"><\/div>\n\n\n<div class=\"wp-block-image icon-style is-style-rounded\">\n<figure class=\"aligncenter is-resized\"><img loading=\"lazy\" src=\"https:\/\/vienasaule.lt\/wp-content\/themes\/neve\/assets\/img\/starter-content\/icon-05.svg\" alt=\"\" width=\"48\" height=\"48\"\/><\/figure><\/div>\n\n\n<h3 class=\"has-text-align-center has-neve-text-color-color has-text-color\">Call us<\/h3>\n\n\n\n<p class=\"has-text-align-center has-neve-text-color-color has-text-color\" style=\"font-size:15px\"><strong>+370 66884658<\/strong> | Pirmadienis &#8211; Penktadienis<\/p>\n\n\n\n<div style=\"height:24px\" aria-hidden=\"true\" class=\"wp-block-spacer\"><\/div>\n<\/div>\n\n\n\n<div class=\"wp-container-13 wp-block-column\">\n<div style=\"height:24px\" aria-hidden=\"true\" class=\"wp-block-spacer\"><\/div>\n\n\n<div class=\"wp-block-image icon-style is-style-rounded\">\n<figure class=\"aligncenter is-resized\"><img loading=\"lazy\" src=\"https:\/\/vienasaule.lt\/wp-content\/themes\/neve\/assets\/img\/starter-content\/icon-06.svg\" alt=\"\" width=\"48\" height=\"48\"\/><\/figure><\/div>\n\n\n<h3 class=\"has-text-align-center has-neve-text-color-color has-text-color\">Email<\/h3>\n\n\n\n<p class=\"has-text-align-center has-neve-text-color-color has-text-color\" style=\"font-size:15px\">info@vienasaule.lt<\/p>\n\n\n\n<div style=\"height:24px\" aria-hidden=\"true\" class=\"wp-block-spacer\"><\/div>\n<\/div>\n\n\n\n<div class=\"wp-container-14 wp-block-column\">\n<div style=\"height:24px\" aria-hidden=\"true\" class=\"wp-block-spacer\"><\/div>\n\n\n<div class=\"wp-block-image icon-style is-style-rounded\">\n<figure class=\"aligncenter is-resized\"><img loading=\"lazy\" src=\"https:\/\/vienasaule.lt\/wp-content\/themes\/neve\/assets\/img\/starter-content\/icon-04.svg\" alt=\"\" width=\"48\" height=\"48\"\/><\/figure><\/div>\n\n\n<h3 class=\"has-text-align-center has-neve-text-color-color has-text-color\">Offices<\/h3>\n\n\n\n<p class=\"has-text-align-center has-neve-text-color-color has-text-color\" style=\"font-size:15px\">Vilnius<\/p>\n\n\n\n<div style=\"height:24px\" aria-hidden=\"true\" class=\"wp-block-spacer\"><\/div>\n<\/div>\n<\/div>\n\n\n\n<div style=\"height:30px\" aria-hidden=\"true\" class=\"wp-block-spacer\"><\/div>\n<\/div><\/div>\n\n\n\n<div class=\"wp-block-cover alignfull\" style=\"min-height:600px\"><span aria-hidden=\"true\" class=\"wp-block-cover__background has-nv-dark-bg-background-color has-background-dim-100 has-background-dim\"><\/span><div class=\"wp-block-cover__inner-container\">\n<div class=\"wp-container-19 wp-block-group\"><div class=\"wp-block-group__inner-container\">\n<div style=\"height:80px\" aria-hidden=\"true\" class=\"wp-block-spacer\"><\/div>\n\n\n\n<div class=\"wp-container-18 wp-block-columns\">\n<div class=\"wp-container-16 wp-block-column is-vertically-aligned-center\" style=\"flex-basis:50%\">\n<h2 class=\"has-text-align-center has-nv-text-dark-bg-color has-text-color\">CENTRIN\u0116 B\u016aSTIN\u0116<\/h2>\n\n\n\n<p class=\"has-text-align-center has-white-color has-text-color\">R. Kalantos g. 30, Kaunas.<\/p>\n<\/div>\n\n\n\n<div class=\"wp-container-17 wp-block-column is-vertically-aligned-center\" style=\"flex-basis:50%\">\n<figure class=\"wp-block-image size-full\"><img loading=\"lazy\" width=\"862\" height=\"703\" src=\"https:\/\/vienasaule.lt\/wp-content\/uploads\/2022\/10\/R.-Kalantos-g.-30-Kaunas.jpg\" alt=\"\" class=\"wp-image-241\" srcset=\"https:\/\/vienasaule.lt\/wp-content\/uploads\/2022\/10\/R.-Kalantos-g.-30-Kaunas.jpg 862w, https:\/\/vienasaule.lt\/wp-content\/uploads\/2022\/10\/R.-Kalantos-g.-30-Kaunas-300x245.jpg 300w, https:\/\/vienasaule.lt\/wp-content\/uploads\/2022\/10\/R.-Kalantos-g.-30-Kaunas-768x626.jpg 768w\" sizes=\"(max-width: 862px) 100vw, 862px\" \/><\/figure>\n<\/div>\n<\/div>\n\n\n\n<div style=\"height:40px\" aria-hidden=\"true\" class=\"wp-block-spacer\"><\/div>\n<\/div><\/div>\n<\/div><\/div>\n\n\n\n<p>Create your <a href=\"https:\/\/vienasaule.lt\/wp-admin\/admin.php?page=wpforms-overview\" target=\"_blank\" rel=\"noopener noreferrer\">contact form<\/a> with WPForms in minutes.<\/p>\n","protected":false},"excerpt":{"rendered":"<p>Create your contact form with WPForms in minutes.<\/p>\n","protected":false},"author":1,"featured_media":0,"parent":0,"menu_order":2,"comment_status":"closed","ping_status":"closed","template":"","meta":{"om_disable_all_campaigns":false,"_monsterinsights_skip_tracking":false,"_monsterinsights_sitenote_active":false,"_monsterinsights_sitenote_note":"","_monsterinsights_sitenote_category":0,"neve_meta_sidebar":"","neve_meta_container":"","neve_meta_enable_content_width":"on","neve_meta_content_width":100,"neve_meta_title_alignment":"","neve_meta_author_avatar":"","neve_post_elements_order":"","neve_meta_disable_header":"","neve_meta_disable_footer":"","neve_meta_disable_title":"on"},"aioseo_notices":[],"_links":{"self":[{"href":"https:\/\/vienasaule.lt\/index.php\/wp-json\/wp\/v2\/pages\/8"}],"collection":[{"href":"https:\/\/vienasaule.lt\/index.php\/wp-json\/wp\/v2\/pages"}],"about":[{"href":"https:\/\/vienasaule.lt\/index.php\/wp-json\/wp\/v2\/types\/page"}],"author":[{"embeddable":true,"href":"https:\/\/vienasaule.lt\/index.php\/wp-json\/wp\/v2\/users\/1"}],"replies":[{"embeddable":true,"href":"https:\/\/vienasaule.lt\/index.php\/wp-json\/wp\/v2\/comments?post=8"}],"version-history":[{"count":17,"href":"https:\/\/vienasaule.lt\/index.php\/wp-json\/wp\/v2\/pages\/8\/revisions"}],"predecessor-version":[{"id":883,"href":"https:\/\/vienasaule.lt\/index.php\/wp-json\/wp\/v2\/pages\/8\/revisions\/883"}],"wp:attachment":[{"href":"https:\/\/vienasaule.lt\/index.php\/wp-json\/wp\/v2\/media?parent=8"}],"curies":[{"name":"wp","href":"https:\/\/api.w.org\/{rel}","templated":true}]}}