{"id":9,"date":"2022-10-26T10:28:09","date_gmt":"2022-10-26T10:28:09","guid":{"rendered":"https:\/\/vienasaule.lt\/?page_id=9"},"modified":"2022-11-07T16:24:03","modified_gmt":"2022-11-07T16:24:03","slug":"tvirtinimas","status":"publish","type":"page","link":"https:\/\/vienasaule.lt\/index.php\/tvirtinimas\/","title":{"rendered":"TVIRTINIMAS"},"content":{"rendered":"\n<div class=\"wp-block-cover alignfull\" style=\"min-height:300px\"><span aria-hidden=\"true\" class=\"wp-block-cover__background has-nv-site-bg-background-color has-background-dim-100 has-background-dim\"><\/span><div class=\"wp-block-cover__inner-container\">\n<div class=\"wp-container-1 wp-block-group\"><div class=\"wp-block-group__inner-container\">\n<h2 class=\"has-text-align-center has-text-align-left has-neve-text-color-color has-text-color\">TVIRTINIMO  KOMPLEKTAI SAUL\u0116S ELEKTRINEI <\/h2>\n<\/div><\/div>\n<\/div><\/div>\n\n\n\n<div class=\"wp-block-cover alignfull\" style=\"min-height:600px\"><span aria-hidden=\"true\" class=\"wp-block-cover__background has-nv-light-bg-background-color has-background-dim-100 has-background-dim\"><\/span><div class=\"wp-block-cover__inner-container\">\n<div class=\"wp-container-7 wp-block-group\"><div class=\"wp-block-group__inner-container\">\n<div style=\"height:80px\" aria-hidden=\"true\" class=\"wp-block-spacer\"><\/div>\n\n\n\n<div class=\"wp-container-6 wp-block-columns are-vertically-aligned-center\">\n<div class=\"wp-container-3 wp-block-column is-vertically-aligned-center\" style=\"flex-basis:50%\"><div class=\"wp-block-image\">\n<figure class=\"aligncenter size-full is-resized\"><img loading=\"lazy\" src=\"https:\/\/vienasaule.lt\/wp-content\/uploads\/2022\/10\/cerpes-tvirtinimas-4.png\" alt=\"\" class=\"wp-image-276\" width=\"238\" height=\"229\" srcset=\"https:\/\/vienasaule.lt\/wp-content\/uploads\/2022\/10\/cerpes-tvirtinimas-4.png 735w, https:\/\/vienasaule.lt\/wp-content\/uploads\/2022\/10\/cerpes-tvirtinimas-4-300x289.png 300w\" sizes=\"(max-width: 238px) 100vw, 238px\" \/><\/figure><\/div>\n\n\n<h3 class=\"has-text-align-center has-neve-text-color-color has-text-color\">\u010cERP\u0116MS<\/h3>\n\n\n\n<p class=\"has-text-align-center has-neve-text-color-color has-text-color\">Keramini\u0173 \u010derpi\u0173 stogo konstrukcijai tinkamas tvirtinimo komplektas.<\/p>\n\n\n\n<div class=\"wp-container-2 is-content-justification-center wp-block-buttons\">\n<div class=\"wp-block-button is-style-primary\"><a class=\"wp-block-button__link\">SUD\u0116TINGUMO LYGIS 8\/10<\/a><\/div>\n<\/div>\n\n\n\n<div style=\"height:40px\" aria-hidden=\"true\" class=\"wp-block-spacer\"><\/div>\n<\/div>\n\n\n\n<div class=\"wp-container-5 wp-block-column is-vertically-aligned-center\" style=\"flex-basis:50%\"><div class=\"wp-block-image\">\n<figure class=\"aligncenter size-full is-resized\"><img loading=\"lazy\" src=\"https:\/\/vienasaule.lt\/wp-content\/uploads\/2022\/10\/Siferis-ankeris.png\" alt=\"\" class=\"wp-image-376\" width=\"340\" height=\"262\" srcset=\"https:\/\/vienasaule.lt\/wp-content\/uploads\/2022\/10\/Siferis-ankeris.png 795w, https:\/\/vienasaule.lt\/wp-content\/uploads\/2022\/10\/Siferis-ankeris-300x232.png 300w, https:\/\/vienasaule.lt\/wp-content\/uploads\/2022\/10\/Siferis-ankeris-768x593.png 768w\" sizes=\"(max-width: 340px) 100vw, 340px\" \/><\/figure><\/div>\n\n\n<h3 class=\"has-text-align-center has-neve-text-color-color has-text-color\">\u0160IFERIS IR BANGUOTA SKARDA<\/h3>\n\n\n\n<p class=\"has-text-align-center has-neve-text-color-color has-text-color\">Skardos ar \u0161iferio stogo konstrukcijai tinkamas tvirtinimo komplektas.<\/p>\n\n\n\n<div class=\"wp-container-4 is-content-justification-center wp-block-buttons\">\n<div class=\"wp-block-button is-style-primary\"><a class=\"wp-block-button__link\">SUD\u0116TINGUMO LYGIS 5\/10<\/a><\/div>\n<\/div>\n\n\n\n<div style=\"height:40px\" aria-hidden=\"true\" class=\"wp-block-spacer\"><\/div>\n<\/div>\n<\/div>\n\n\n\n<div style=\"height:40px\" aria-hidden=\"true\" class=\"wp-block-spacer\"><\/div>\n<\/div><\/div>\n<\/div><\/div>\n\n\n\n<div class=\"wp-block-cover alignfull\" style=\"min-height:600px\"><span aria-hidden=\"true\" class=\"wp-block-cover__background has-nv-site-bg-background-color has-background-dim-100 has-background-dim\"><\/span><div class=\"wp-block-cover__inner-container\">\n<div class=\"wp-container-13 wp-block-group\"><div class=\"wp-block-group__inner-container\">\n<div style=\"height:80px\" aria-hidden=\"true\" class=\"wp-block-spacer\"><\/div>\n\n\n\n<div class=\"wp-container-12 wp-block-columns are-vertically-aligned-center\">\n<div class=\"wp-container-9 wp-block-column is-vertically-aligned-center\" style=\"flex-basis:50%\"><div class=\"wp-block-image\">\n<figure class=\"aligncenter size-full is-resized\"><img loading=\"lazy\" src=\"https:\/\/vienasaule.lt\/wp-content\/uploads\/2022\/10\/Trapecija-t18.png\" alt=\"\" class=\"wp-image-379\" width=\"359\" height=\"277\" srcset=\"https:\/\/vienasaule.lt\/wp-content\/uploads\/2022\/10\/Trapecija-t18.png 795w, https:\/\/vienasaule.lt\/wp-content\/uploads\/2022\/10\/Trapecija-t18-300x232.png 300w, https:\/\/vienasaule.lt\/wp-content\/uploads\/2022\/10\/Trapecija-t18-768x593.png 768w\" sizes=\"(max-width: 359px) 100vw, 359px\" \/><\/figure><\/div>\n\n\n<h3 class=\"has-text-align-center has-neve-text-color-color has-text-color\">TRAPECIN\u0116 SKARDA<\/h3>\n\n\n\n<p class=\"has-text-align-center has-neve-text-color-color has-text-color\">Trapecin\u0117s skardos ar &#8220;SANDWICH&#8221; tipo stogo konstrukcijai tinkamas tvirtinimo komplektas.<\/p>\n\n\n\n<div class=\"wp-container-8 is-content-justification-center wp-block-buttons\">\n<div class=\"wp-block-button is-style-primary\"><a class=\"wp-block-button__link\">SUD\u0116TINGUMO LYGIS 4\/10<\/a><\/div>\n<\/div>\n\n\n\n<div style=\"height:40px\" aria-hidden=\"true\" class=\"wp-block-spacer\"><\/div>\n<\/div>\n\n\n\n<div class=\"wp-container-11 wp-block-column is-vertically-aligned-center\" style=\"flex-basis:50%\"><div class=\"wp-block-image\">\n<figure class=\"aligncenter size-full is-resized\"><img loading=\"lazy\" src=\"https:\/\/vienasaule.lt\/wp-content\/uploads\/2022\/10\/Classic-tvirtinimas-1.png\" alt=\"\" class=\"wp-image-384\" width=\"321\" height=\"247\" srcset=\"https:\/\/vienasaule.lt\/wp-content\/uploads\/2022\/10\/Classic-tvirtinimas-1.png 795w, https:\/\/vienasaule.lt\/wp-content\/uploads\/2022\/10\/Classic-tvirtinimas-1-300x232.png 300w, https:\/\/vienasaule.lt\/wp-content\/uploads\/2022\/10\/Classic-tvirtinimas-1-768x593.png 768w\" sizes=\"(max-width: 321px) 100vw, 321px\" \/><\/figure><\/div>\n\n\n<h3 class=\"has-text-align-center has-neve-text-color-color has-text-color\">&#8220;Classic\u201c arba &#8220;Click&#8221;&nbsp; SKARDA<\/h3>\n\n\n\n<p class=\"has-text-align-center has-neve-text-color-color has-text-color\">Classic tipo stogo konstrukcijai tinkamas tvirtinimo komplektas.<\/p>\n\n\n\n<div class=\"wp-container-10 is-content-justification-center wp-block-buttons\">\n<div class=\"wp-block-button is-style-primary\"><a class=\"wp-block-button__link\" href=\"#\">SUD\u0116TINGUMO LYGIS 2\/10<\/a><\/div>\n<\/div>\n\n\n\n<div style=\"height:40px\" aria-hidden=\"true\" class=\"wp-block-spacer\"><\/div>\n<\/div>\n<\/div>\n\n\n\n<div style=\"height:40px\" aria-hidden=\"true\" class=\"wp-block-spacer\"><\/div>\n<\/div><\/div>\n<\/div><\/div>\n\n\n\n<div class=\"wp-block-cover alignfull\" style=\"min-height:300px\"><span aria-hidden=\"true\" class=\"wp-block-cover__background has-nv-dark-bg-background-color has-background-dim-100 has-background-dim\"><\/span><div class=\"wp-block-cover__inner-container\">\n<div style=\"height:80px\" aria-hidden=\"true\" class=\"wp-block-spacer\"><\/div>\n\n\n<div class=\"wp-block-image is-style-rounded\">\n<figure class=\"aligncenter size-thumbnail is-resized\"><img loading=\"lazy\" src=\"https:\/\/vienasaule.lt\/wp-content\/uploads\/2022\/10\/03-AVATARAS-2-150x150.png\" alt=\"\" class=\"wp-image-323\" width=\"88\" height=\"88\" srcset=\"https:\/\/vienasaule.lt\/wp-content\/uploads\/2022\/10\/03-AVATARAS-2-150x150.png 150w, https:\/\/vienasaule.lt\/wp-content\/uploads\/2022\/10\/03-AVATARAS-2-300x300.png 300w, https:\/\/vienasaule.lt\/wp-content\/uploads\/2022\/10\/03-AVATARAS-2-768x768.png 768w, https:\/\/vienasaule.lt\/wp-content\/uploads\/2022\/10\/03-AVATARAS-2.png 870w\" sizes=\"(max-width: 88px) 100vw, 88px\" \/><\/figure><\/div>\n\n\n<p class=\"has-text-align-center has-nv-text-dark-bg-color has-text-color\">M\u016bs\u0173 patyr\u0119 saul\u0117s ekspertai yra pasireng\u0119 atsakyti \u012f visus kylan\u010dius klausimus bei duoti patarim\u0173, pad\u0117sian\u010di\u0173 lengvai ir greitai \u012fsirengti saul\u0117s elektrin\u0119 ant stogo ar \u017eem\u0117s.<\/p>\n\n\n\n<p class=\"has-text-align-center has-nv-text-dark-bg-color has-text-color\" style=\"font-size:14px\">www.vienasaule.lt<\/p>\n\n\n\n<div style=\"height:80px\" aria-hidden=\"true\" class=\"wp-block-spacer\"><\/div>\n<\/div><\/div>\n","protected":false},"excerpt":{"rendered":"","protected":false},"author":1,"featured_media":0,"parent":0,"menu_order":0,"comment_status":"closed","ping_status":"closed","template":"","meta":{"om_disable_all_campaigns":false,"_monsterinsights_skip_tracking":false,"_monsterinsights_sitenote_active":false,"_monsterinsights_sitenote_note":"","_monsterinsights_sitenote_category":0,"neve_meta_sidebar":"","neve_meta_container":"","neve_meta_enable_content_width":"on","neve_meta_content_width":100,"neve_meta_title_alignment":"","neve_meta_author_avatar":"","neve_post_elements_order":"","neve_meta_disable_header":"","neve_meta_disable_footer":"","neve_meta_disable_title":"on"},"aioseo_notices":[],"_links":{"self":[{"href":"https:\/\/vienasaule.lt\/index.php\/wp-json\/wp\/v2\/pages\/9"}],"collection":[{"href":"https:\/\/vienasaule.lt\/index.php\/wp-json\/wp\/v2\/pages"}],"about":[{"href":"https:\/\/vienasaule.lt\/index.php\/wp-json\/wp\/v2\/types\/page"}],"author":[{"embeddable":true,"href":"https:\/\/vienasaule.lt\/index.php\/wp-json\/wp\/v2\/users\/1"}],"replies":[{"embeddable":true,"href":"https:\/\/vienasaule.lt\/index.php\/wp-json\/wp\/v2\/comments?post=9"}],"version-history":[{"count":42,"href":"https:\/\/vienasaule.lt\/index.php\/wp-json\/wp\/v2\/pages\/9\/revisions"}],"predecessor-version":[{"id":712,"href":"https:\/\/vienasaule.lt\/index.php\/wp-json\/wp\/v2\/pages\/9\/revisions\/712"}],"wp:attachment":[{"href":"https:\/\/vienasaule.lt\/index.php\/wp-json\/wp\/v2\/media?parent=9"}],"curies":[{"name":"wp","href":"https:\/\/api.w.org\/{rel}","templated":true}]}}